{"id":5516,"date":"2025-02-11T13:37:54","date_gmt":"2025-02-11T13:37:54","guid":{"rendered":"https:\/\/blabjorg.is\/?page_id=5516"},"modified":"2025-09-12T14:02:42","modified_gmt":"2025-09-12T14:02:42","slug":"gjafakort","status":"publish","type":"page","link":"https:\/\/blabjorg.is\/is\/gjafakort\/","title":{"rendered":""},"content":{"rendered":"\t\t<div data-elementor-type=\"wp-page\" data-elementor-id=\"5516\" class=\"elementor elementor-5516\" data-elementor-post-type=\"page\">\n\t\t\t\t<div class=\"elementor-element elementor-element-87176f3 e-flex e-con-boxed e-con e-parent\" data-id=\"87176f3\" data-element_type=\"container\" data-e-type=\"container\">\n\t\t\t\t\t<div class=\"e-con-inner\">\n\t\t\t\t\t<\/div>\n\t\t\t\t<\/div>\n\t\t<div class=\"elementor-element elementor-element-6447556 e-flex e-con-boxed e-con e-parent\" data-id=\"6447556\" data-element_type=\"container\" data-e-type=\"container\">\n\t\t\t\t\t<div class=\"e-con-inner\">\n\t\t\t\t<div class=\"elementor-element elementor-element-82f0ca5 elementor-widget elementor-widget-spacer\" data-id=\"82f0ca5\" data-element_type=\"widget\" data-e-type=\"widget\" data-widget_type=\"spacer.default\">\n\t\t\t\t<div class=\"elementor-widget-container\">\n\t\t\t\t\t\t\t<div class=\"elementor-spacer\">\n\t\t\t<div class=\"elementor-spacer-inner\"><\/div>\n\t\t<\/div>\n\t\t\t\t\t\t<\/div>\n\t\t\t\t<\/div>\n\t\t\t\t\t<\/div>\n\t\t\t\t<\/div>\n\t\t<div class=\"elementor-element elementor-element-8b10958 e-flex e-con-boxed e-con e-parent\" data-id=\"8b10958\" data-element_type=\"container\" data-e-type=\"container\">\n\t\t\t\t\t<div class=\"e-con-inner\">\n\t\t\t\t<div class=\"elementor-element elementor-element-ee331dd elementor-widget elementor-widget-heading\" data-id=\"ee331dd\" data-element_type=\"widget\" data-e-type=\"widget\" data-widget_type=\"heading.default\">\n\t\t\t\t<div class=\"elementor-widget-container\">\n\t\t\t\t\t<h2 class=\"elementor-heading-title elementor-size-default\">Gjafakort<\/h2>\t\t\t\t<\/div>\n\t\t\t\t<\/div>\n\t\t\t\t\t<\/div>\n\t\t\t\t<\/div>\n\t\t<div class=\"elementor-element elementor-element-acffab9 e-flex e-con-boxed e-con e-parent\" data-id=\"acffab9\" data-element_type=\"container\" data-e-type=\"container\">\n\t\t\t\t\t<div class=\"e-con-inner\">\n\t\t\t\t<div class=\"elementor-element elementor-element-33dc9ff elementor-widget elementor-widget-text-editor\" data-id=\"33dc9ff\" data-element_type=\"widget\" data-e-type=\"widget\" data-widget_type=\"text-editor.default\">\n\t\t\t\t<div class=\"elementor-widget-container\">\n\t\t\t\t\t\t\t\t\t<p>Hvort Sem \u00dea\u00f0 Eru J\u00f3l e\u00f0a s\u00e9rstakt tilefni, gef\u00f0u bestu upplifunina Af Blabjorg Resort og leyf\u00f0u \u00e1stvinum \u00fe\u00ednum a\u00f0 nj\u00f3ta.\u00a0<\/p><p>Gjafakort eru fullkomin lei\u00f0 til a\u00f0 segja &#8222;Til Hamingju Me\u00f0 Afm\u00e6li\u00f0&#8220; e\u00f0a &#8222;Til Hamingju&#8220; e\u00f0a &#8222;Gle\u00f0ileg J\u00f3l&#8220; og l\u00e1ta \u00e1stvini \u00fe\u00edna velja n\u00e1kv\u00e6mlega \u00fea\u00f0 sem \u00feeir elska!<\/p><p>Allt fr\u00e1 g\u00f3ms\u00e6tri m\u00e1lt\u00ed\u00f0 \u00cd Frystiklefanum, dekri \u00cd Musteri\u00f0 Spa e\u00f0a fr\u00e1b\u00e6rri dv\u00f6l \u00e1 Blabjorg Resort, gjafabr\u00e9f er einf\u00f6ld lei\u00f0 til a\u00f0 deila gle\u00f0inni frekar.<\/p><p>blabjorg@blabjorg.is og +354 472 1180<\/p>\t\t\t\t\t\t\t\t<\/div>\n\t\t\t\t<\/div>\n\t\t\t\t\t<\/div>\n\t\t\t\t<\/div>\n\t\t<div class=\"elementor-element elementor-element-a2e411e e-grid e-con-boxed e-con e-parent\" data-id=\"a2e411e\" data-element_type=\"container\" data-e-type=\"container\">\n\t\t\t\t\t<div class=\"e-con-inner\">\n\t\t\t\t<div class=\"elementor-element elementor-element-c1d8d8b elementor-widget elementor-widget-image\" data-id=\"c1d8d8b\" data-element_type=\"widget\" data-e-type=\"widget\" data-widget_type=\"image.default\">\n\t\t\t\t<div class=\"elementor-widget-container\">\n\t\t\t\t\t\t\t\t\t\t\t\t\t\t\t<img decoding=\"async\" src=\"https:\/\/blabjorg.is\/wp-content\/uploads\/elementor\/thumbs\/DSC_0206-scaled-qzni7nvbpb9d1sv95cd9fph6kszldlhb8jk9krif7s.jpg\" title=\"DSC_0206\" alt=\"DSC_0206\" loading=\"lazy\" \/>\t\t\t\t\t\t\t\t\t\t\t\t\t\t\t<\/div>\n\t\t\t\t<\/div>\n\t\t\t\t<div class=\"elementor-element elementor-element-e7b07ff elementor-widget elementor-widget-image\" data-id=\"e7b07ff\" data-element_type=\"widget\" data-e-type=\"widget\" data-widget_type=\"image.default\">\n\t\t\t\t<div class=\"elementor-widget-container\">\n\t\t\t\t\t\t\t\t\t\t\t\t\t\t\t<img decoding=\"async\" src=\"https:\/\/blabjorg.is\/wp-content\/uploads\/elementor\/thumbs\/DSC_0258-scaled-qzni82wqqnty7k9epivajlok2yxgsr50mm0196w4g8.jpg\" title=\"DSC_0258\" alt=\"DSC_0258\" loading=\"lazy\" \/>\t\t\t\t\t\t\t\t\t\t\t\t\t\t\t<\/div>\n\t\t\t\t<\/div>\n\t\t\t\t<div class=\"elementor-element elementor-element-ba5cf90 elementor-widget elementor-widget-image\" data-id=\"ba5cf90\" data-element_type=\"widget\" data-e-type=\"widget\" data-widget_type=\"image.default\">\n\t\t\t\t<div class=\"elementor-widget-container\">\n\t\t\t\t\t\t\t\t\t\t\t\t\t\t\t<img decoding=\"async\" src=\"https:\/\/blabjorg.is\/wp-content\/uploads\/elementor\/thumbs\/DSC01004-scaled-qzni8mncq6kyzdgqi9eghyp8k286aebdpbp8c02utk.jpg\" title=\"DSC01004\" alt=\"DSC01004\" loading=\"lazy\" \/>\t\t\t\t\t\t\t\t\t\t\t\t\t\t\t<\/div>\n\t\t\t\t<\/div>\n\t\t\t\t<div class=\"elementor-element elementor-element-90c3a5b elementor-widget elementor-widget-image\" data-id=\"90c3a5b\" data-element_type=\"widget\" data-e-type=\"widget\" data-widget_type=\"image.default\">\n\t\t\t\t<div class=\"elementor-widget-container\">\n\t\t\t\t\t\t\t\t\t\t\t\t\t\t\t<img decoding=\"async\" src=\"https:\/\/blabjorg.is\/wp-content\/uploads\/elementor\/thumbs\/DSC01112-scaled-qzni94iac19f3yqslz4dbc6zuds5cnaa3s3gg9cdjc.jpg\" title=\"DSC01112\" alt=\"DSC01112\" loading=\"lazy\" \/>\t\t\t\t\t\t\t\t\t\t\t\t\t\t\t<\/div>\n\t\t\t\t<\/div>\n\t\t\t\t\t<\/div>\n\t\t\t\t<\/div>\n\t\t<div class=\"elementor-element elementor-element-bae352d e-grid e-con-boxed e-con e-parent\" data-id=\"bae352d\" data-element_type=\"container\" data-e-type=\"container\">\n\t\t\t\t\t<div class=\"e-con-inner\">\n\t\t\t\t<div class=\"elementor-element elementor-element-59089dc elementor-widget elementor-widget-image\" data-id=\"59089dc\" data-element_type=\"widget\" data-e-type=\"widget\" data-widget_type=\"image.default\">\n\t\t\t\t<div class=\"elementor-widget-container\">\n\t\t\t\t\t\t\t\t\t\t\t\t\t\t\t<img decoding=\"async\" src=\"https:\/\/blabjorg.is\/wp-content\/uploads\/elementor\/thumbs\/DSC_1332-qx8vpx8kjiprdda0mrtl3nkzd0qq79hncildwfis1c.jpg\" title=\"DSC_1332\" alt=\"DSC_1332\" loading=\"lazy\" \/>\t\t\t\t\t\t\t\t\t\t\t\t\t\t\t<\/div>\n\t\t\t\t<\/div>\n\t\t\t\t<div class=\"elementor-element elementor-element-19317f6 elementor-widget elementor-widget-image\" data-id=\"19317f6\" data-element_type=\"widget\" data-e-type=\"widget\" data-widget_type=\"image.default\">\n\t\t\t\t<div class=\"elementor-widget-container\">\n\t\t\t\t\t\t\t\t\t\t\t\t\t\t\t<img decoding=\"async\" src=\"https:\/\/blabjorg.is\/wp-content\/uploads\/elementor\/thumbs\/DSC_1303-e1731946251117-qx8vv2erxvr8wjt1lhv38uusdxe1bmwrpz41fxw7zk.jpg\" title=\"DSC_1303\" alt=\"DSC_1303\" loading=\"lazy\" \/>\t\t\t\t\t\t\t\t\t\t\t\t\t\t\t<\/div>\n\t\t\t\t<\/div>\n\t\t\t\t\t<\/div>\n\t\t\t\t<\/div>\n\t\t\t\t<\/div>\n\t\t","protected":false},"excerpt":{"rendered":"<p>Gjafakort Hvort Sem \u00dea\u00f0 Eru J\u00f3l e\u00f0a s\u00e9rstakt tilefni, gef\u00f0u bestu upplifunina Af Blabjorg Resort og leyf\u00f0u \u00e1stvinum \u00fe\u00ednum a\u00f0 nj\u00f3ta.\u00a0 Gjafakort eru fullkomin lei\u00f0 til a\u00f0 segja &#8222;Til Hamingju Me\u00f0 Afm\u00e6li\u00f0&#8220; e\u00f0a &#8222;Til Hamingju&#8220; e\u00f0a &#8222;Gle\u00f0ileg J\u00f3l&#8220; og l\u00e1ta \u00e1stvini \u00fe\u00edna velja n\u00e1kv\u00e6mlega \u00fea\u00f0 sem \u00feeir elska! Allt fr\u00e1 g\u00f3ms\u00e6tri m\u00e1lt\u00ed\u00f0 \u00cd Frystiklefanum, dekri [&hellip;]<\/p>\n","protected":false},"author":5,"featured_media":0,"parent":0,"menu_order":0,"comment_status":"closed","ping_status":"closed","template":"","meta":{"footnotes":""},"class_list":["post-5516","page","type-page","status-publish","hentry"],"_links":{"self":[{"href":"https:\/\/blabjorg.is\/is\/wp-json\/wp\/v2\/pages\/5516","targetHints":{"allow":["GET"]}}],"collection":[{"href":"https:\/\/blabjorg.is\/is\/wp-json\/wp\/v2\/pages"}],"about":[{"href":"https:\/\/blabjorg.is\/is\/wp-json\/wp\/v2\/types\/page"}],"author":[{"embeddable":true,"href":"https:\/\/blabjorg.is\/is\/wp-json\/wp\/v2\/users\/5"}],"replies":[{"embeddable":true,"href":"https:\/\/blabjorg.is\/is\/wp-json\/wp\/v2\/comments?post=5516"}],"version-history":[{"count":13,"href":"https:\/\/blabjorg.is\/is\/wp-json\/wp\/v2\/pages\/5516\/revisions"}],"predecessor-version":[{"id":5876,"href":"https:\/\/blabjorg.is\/is\/wp-json\/wp\/v2\/pages\/5516\/revisions\/5876"}],"wp:attachment":[{"href":"https:\/\/blabjorg.is\/is\/wp-json\/wp\/v2\/media?parent=5516"}],"curies":[{"name":"wp","href":"https:\/\/api.w.org\/{rel}","templated":true}]}}