{"id":4425,"date":"2021-11-17T15:26:44","date_gmt":"2021-11-17T15:26:44","guid":{"rendered":"https:\/\/blabjorg.is\/veitingastadur\/"},"modified":"2025-08-31T12:00:53","modified_gmt":"2025-08-31T12:00:53","slug":"veitingastadur","status":"publish","type":"page","link":"https:\/\/blabjorg.is\/is\/veitingastadur\/","title":{"rendered":"Veitingasta\u00f0ur"},"content":{"rendered":"\t\t<div data-elementor-type=\"wp-page\" data-elementor-id=\"4425\" class=\"elementor elementor-4425 elementor-252\" data-elementor-post-type=\"page\">\n\t\t\t\t\t\t<section class=\"elementor-section elementor-top-section elementor-element elementor-element-38e7657b elementor-section-height-min-height elementor-section-boxed elementor-section-height-default elementor-section-items-middle\" data-id=\"38e7657b\" data-element_type=\"section\" data-e-type=\"section\" data-settings=\"{&quot;background_background&quot;:&quot;video&quot;,&quot;shape_divider_bottom&quot;:&quot;mountains&quot;,&quot;background_video_link&quot;:&quot;https:\\\/\\\/youtu.be\\\/2VvyM2l-BWE&quot;,&quot;background_video_start&quot;:24,&quot;background_play_on_mobile&quot;:&quot;yes&quot;}\">\n\t\t\t\t\t\t\t\t<div class=\"elementor-background-video-container\">\n\t\t\t\t\t\t\t\t\t\t\t\t\t<div class=\"elementor-background-video-embed\" role=\"presentation\"><\/div>\n\t\t\t\t\t\t\t\t\t\t\t\t<\/div>\n\t\t\t\t\t\t\t\t\t<div class=\"elementor-background-overlay\"><\/div>\n\t\t\t\t\t\t<div class=\"elementor-shape elementor-shape-bottom\" aria-hidden=\"true\" data-negative=\"false\">\n\t\t\t<svg xmlns=\"http:\/\/www.w3.org\/2000\/svg\" viewBox=\"0 0 1000 100\" preserveAspectRatio=\"none\">\n\t<path class=\"elementor-shape-fill\" opacity=\"0.33\" d=\"M473,67.3c-203.9,88.3-263.1-34-320.3,0C66,119.1,0,59.7,0,59.7V0h1000v59.7 c0,0-62.1,26.1-94.9,29.3c-32.8,3.3-62.8-12.3-75.8-22.1C806,49.6,745.3,8.7,694.9,4.7S492.4,59,473,67.3z\"\/>\n\t<path class=\"elementor-shape-fill\" opacity=\"0.66\" d=\"M734,67.3c-45.5,0-77.2-23.2-129.1-39.1c-28.6-8.7-150.3-10.1-254,39.1 s-91.7-34.4-149.2,0C115.7,118.3,0,39.8,0,39.8V0h1000v36.5c0,0-28.2-18.5-92.1-18.5C810.2,18.1,775.7,67.3,734,67.3z\"\/>\n\t<path class=\"elementor-shape-fill\" d=\"M766.1,28.9c-200-57.5-266,65.5-395.1,19.5C242,1.8,242,5.4,184.8,20.6C128,35.8,132.3,44.9,89.9,52.5C28.6,63.7,0,0,0,0 h1000c0,0-9.9,40.9-83.6,48.1S829.6,47,766.1,28.9z\"\/>\n<\/svg>\t\t<\/div>\n\t\t\t\t\t<div class=\"elementor-container elementor-column-gap-default\">\n\t\t\t\t\t<div class=\"elementor-column elementor-col-100 elementor-top-column elementor-element elementor-element-3c13f002\" data-id=\"3c13f002\" data-element_type=\"column\" data-e-type=\"column\">\n\t\t\t<div class=\"elementor-widget-wrap elementor-element-populated\">\n\t\t\t\t\t\t<div class=\"elementor-element elementor-element-4e52412 elementor-widget elementor-widget-image\" data-id=\"4e52412\" data-element_type=\"widget\" data-e-type=\"widget\" data-widget_type=\"image.default\">\n\t\t\t\t<div class=\"elementor-widget-container\">\n\t\t\t\t\t\t\t\t\t\t\t\t\t\t\t<img decoding=\"async\" src=\"https:\/\/blabjorg.is\/wp-content\/uploads\/2023\/05\/Frystiklefinn_Restaurant_wht.png\" title=\"\" alt=\"\" loading=\"lazy\" \/>\t\t\t\t\t\t\t\t\t\t\t\t\t\t\t<\/div>\n\t\t\t\t<\/div>\n\t\t\t\t\t<\/div>\n\t\t<\/div>\n\t\t\t\t\t<\/div>\n\t\t<\/section>\n\t\t\t\t<section class=\"elementor-section elementor-top-section elementor-element elementor-element-4032c89a elementor-section-boxed elementor-section-height-default elementor-section-height-default\" data-id=\"4032c89a\" data-element_type=\"section\" data-e-type=\"section\">\n\t\t\t\t\t\t\t<div class=\"elementor-background-overlay\"><\/div>\n\t\t\t\t\t\t\t<div class=\"elementor-container elementor-column-gap-default\">\n\t\t\t\t\t<div class=\"elementor-column elementor-col-100 elementor-top-column elementor-element elementor-element-37f56b3c\" data-id=\"37f56b3c\" data-element_type=\"column\" data-e-type=\"column\">\n\t\t\t<div class=\"elementor-widget-wrap elementor-element-populated\">\n\t\t\t\t\t\t<div class=\"elementor-element elementor-element-87f72d2 elementor-widget elementor-widget-text-editor\" data-id=\"87f72d2\" data-element_type=\"widget\" data-e-type=\"widget\" data-widget_type=\"text-editor.default\">\n\t\t\t\t<div class=\"elementor-widget-container\">\n\t\t\t\t\t\t\t\t\t<p><span style=\"color: var( --e-global-color-accent ); font-family: var( --e-global-typography-69e75c5-font-family ), Sans-serif; font-size: var( --e-global-typography-69e75c5-font-size ); font-weight: var( --e-global-typography-69e75c5-font-weight ); letter-spacing: var( --e-global-typography-69e75c5-letter-spacing ); word-spacing: var( --e-global-typography-69e75c5-word-spacing );\">Vinalegt og velkomi\u00f0 andr\u00famsloft b\u00ed\u00f0ur \u00fe\u00edn \u00ed Bl\u00e1bj\u00f6rgum.<\/span><\/p><div>Veitingasta\u00f0urinn okkar, Frystiklefinn, b\u00fd\u00f0ur upp \u00e1 spennandi matse\u00f0il sem inniheldur b\u00e6\u00f0i al\u00fej\u00f3\u00f0lega og \u00edslenska r\u00e9tti, vi\u00f0 notumst vi\u00f0 ferskt sta\u00f0bundi\u00f0 hr\u00e1efni sem kemur beint fr\u00e1 b\u00fdli og n\u00e6rumhverfi.<span style=\"color: var( --e-global-color-secondary ); font-family: var( --e-global-typography-accent-font-family ), Sans-serif; font-size: var( --e-global-typography-accent-font-size ); font-weight: var( --e-global-typography-accent-font-weight ); letter-spacing: var( --e-global-typography-accent-letter-spacing );\"><br \/><\/span><b><span style=\"color: var( --e-global-color-secondary ); font-family: var( --e-global-typography-accent-font-family ), Sans-serif; font-size: var( --e-global-typography-accent-font-size ); letter-spacing: var( --e-global-typography-accent-letter-spacing );\"><i>O<\/i><\/span><span style=\"color: var( --e-global-color-secondary ); font-family: var( --e-global-typography-accent-font-family ), Sans-serif; font-size: var( --e-global-typography-accent-font-size ); letter-spacing: var( --e-global-typography-accent-letter-spacing );\"><i>pnunart\u00edmar Frystiklefans:<\/i><\/span><\/b><\/div><div><span style=\"color: var( --e-global-color-secondary ); font-family: var( --e-global-typography-accent-font-family ), Sans-serif; font-size: var( --e-global-typography-accent-font-size ); font-weight: var( --e-global-typography-accent-font-weight ); letter-spacing: var( --e-global-typography-accent-letter-spacing );\">September: 17:00-21:0<\/span><span style=\"color: var( --e-global-color-secondary ); font-family: var( --e-global-typography-accent-font-family ), Sans-serif; font-size: var( --e-global-typography-accent-font-size ); font-weight: var( --e-global-typography-accent-font-weight ); letter-spacing: var( --e-global-typography-accent-letter-spacing );\">0\u00a0<\/span><\/div><div>&#8212;<\/div><div>N\u00e1nari uppl\u00fdsingar m\u00e1 finna \u00e1 <a href=\"https:\/\/www.facebook.com\/blabjorgresort\">Facebook<\/a> s\u00ed\u00f0ur okkar.<\/div><div>B\u00f3ka\u00f0ur bor\u00f0 h\u00e9r: <a href=\"https:\/\/book.easytablebooking.com\/book\/?ref=fb&amp;id=a5646&amp;lang=en&amp;fbclid=IwAR3-2IIZA07kkIbp__9a55fk6xEXe4r9ojvuMw4ERISlqZ7tjGJ4-Ny3_fM\">B\u00f3ka bor\u00f0<\/a><\/div><div><h3><span style=\"font-weight: normal;\">B\u00f3kanir fyrir h\u00f3pa \u00e1 veitingasta\u00f0num<\/span><\/h3><p><span style=\"color: var( --e-global-color-secondary ); font-family: var( --e-global-typography-accent-font-family ), Sans-serif; font-size: var( --e-global-typography-accent-font-size ); font-weight: var( --e-global-typography-accent-font-weight ); letter-spacing: var( --e-global-typography-accent-letter-spacing );\">Langar \u00feig \u00fat a\u00f0 bor\u00f0a me\u00f0 h\u00f3pnum \u00fe\u00ednum? Sendu okkur t\u00f6lvup\u00f3st \u00e1 bookings@blabjorg.i<\/span><\/p><\/div>\t\t\t\t\t\t\t\t<\/div>\n\t\t\t\t<\/div>\n\t\t\t\t<div class=\"elementor-element elementor-element-8b865cd elementor-arrows-position-inside elementor-pagination-position-outside elementor-widget elementor-widget-image-carousel\" data-id=\"8b865cd\" data-element_type=\"widget\" data-e-type=\"widget\" data-settings=\"{&quot;navigation&quot;:&quot;both&quot;,&quot;autoplay&quot;:&quot;yes&quot;,&quot;pause_on_hover&quot;:&quot;yes&quot;,&quot;pause_on_interaction&quot;:&quot;yes&quot;,&quot;autoplay_speed&quot;:5000,&quot;infinite&quot;:&quot;yes&quot;,&quot;speed&quot;:500}\" data-widget_type=\"image-carousel.default\">\n\t\t\t\t<div class=\"elementor-widget-container\">\n\t\t\t\t\t\t\t<div class=\"elementor-image-carousel-wrapper swiper\" role=\"region\" aria-roledescription=\"carousel\" aria-label=\"Image Carousel\" dir=\"ltr\">\n\t\t\t<div class=\"elementor-image-carousel swiper-wrapper\" aria-live=\"off\">\n\t\t\t\t\t\t\t\t<div class=\"swiper-slide\" role=\"group\" aria-roledescription=\"slide\" aria-label=\"1 of 5\"><figure class=\"swiper-slide-inner\"><img decoding=\"async\" class=\"swiper-slide-image\" src=\"https:\/\/blabjorg.is\/wp-content\/uploads\/2022\/12\/matur2021-111-1536x1024.jpg\" alt=\"matur2021-111\" \/><\/figure><\/div><div class=\"swiper-slide\" role=\"group\" aria-roledescription=\"slide\" aria-label=\"2 of 5\"><figure class=\"swiper-slide-inner\"><img decoding=\"async\" class=\"swiper-slide-image\" src=\"https:\/\/blabjorg.is\/wp-content\/uploads\/2022\/12\/matur2021-97-1536x1024.jpg\" alt=\"matur2021-97\" \/><\/figure><\/div><div class=\"swiper-slide\" role=\"group\" aria-roledescription=\"slide\" aria-label=\"3 of 5\"><figure class=\"swiper-slide-inner\"><img decoding=\"async\" class=\"swiper-slide-image\" src=\"https:\/\/blabjorg.is\/wp-content\/uploads\/2022\/12\/matur2021-82-1536x1024.jpg\" alt=\"matur2021-82\" \/><\/figure><\/div><div class=\"swiper-slide\" role=\"group\" aria-roledescription=\"slide\" aria-label=\"4 of 5\"><figure class=\"swiper-slide-inner\"><img decoding=\"async\" class=\"swiper-slide-image\" src=\"https:\/\/blabjorg.is\/wp-content\/uploads\/2022\/12\/matur2021-69-1536x1024.jpg\" alt=\"matur2021-69\" \/><\/figure><\/div><div class=\"swiper-slide\" role=\"group\" aria-roledescription=\"slide\" aria-label=\"5 of 5\"><figure class=\"swiper-slide-inner\"><img decoding=\"async\" class=\"swiper-slide-image\" src=\"https:\/\/blabjorg.is\/wp-content\/uploads\/2022\/12\/matur2021-14-1536x1024.jpg\" alt=\"lamb dagsins\" \/><\/figure><\/div>\t\t\t<\/div>\n\t\t\t\t\t\t\t\t\t\t\t\t<div class=\"elementor-swiper-button elementor-swiper-button-prev\" role=\"button\" tabindex=\"0\">\n\t\t\t\t\t\t<i aria-hidden=\"true\" class=\"eicon-chevron-left\"><\/i>\t\t\t\t\t<\/div>\n\t\t\t\t\t<div class=\"elementor-swiper-button elementor-swiper-button-next\" role=\"button\" tabindex=\"0\">\n\t\t\t\t\t\t<i aria-hidden=\"true\" class=\"eicon-chevron-right\"><\/i>\t\t\t\t\t<\/div>\n\t\t\t\t\n\t\t\t\t\t\t\t\t\t<div class=\"swiper-pagination\"><\/div>\n\t\t\t\t\t\t\t\t\t<\/div>\n\t\t\t\t\t\t<\/div>\n\t\t\t\t<\/div>\n\t\t\t\t\t<\/div>\n\t\t<\/div>\n\t\t\t\t\t<\/div>\n\t\t<\/section>\n\t\t<div class=\"elementor-element elementor-element-e3cc193 e-flex e-con-boxed e-con e-parent\" data-id=\"e3cc193\" data-element_type=\"container\" data-e-type=\"container\">\n\t\t\t\t\t<div class=\"e-con-inner\">\n\t\t\t\t<div class=\"elementor-element elementor-element-e08f21c elementor-widget-divider--view-line elementor-widget elementor-widget-divider\" data-id=\"e08f21c\" data-element_type=\"widget\" data-e-type=\"widget\" data-widget_type=\"divider.default\">\n\t\t\t\t<div class=\"elementor-widget-container\">\n\t\t\t\t\t\t\t<div class=\"elementor-divider\">\n\t\t\t<span class=\"elementor-divider-separator\">\n\t\t\t\t\t\t<\/span>\n\t\t<\/div>\n\t\t\t\t\t\t<\/div>\n\t\t\t\t<\/div>\n\t\t\t\t\t<\/div>\n\t\t\t\t<\/div>\n\t\t<div class=\"elementor-element elementor-element-d05afaf e-flex e-con-boxed e-con e-parent\" data-id=\"d05afaf\" data-element_type=\"container\" data-e-type=\"container\">\n\t\t\t\t\t<div class=\"e-con-inner\">\n\t\t\t\t<div class=\"elementor-element elementor-element-dd07623 elementor-widget elementor-widget-heading\" data-id=\"dd07623\" data-element_type=\"widget\" data-e-type=\"widget\" data-widget_type=\"heading.default\">\n\t\t\t\t<div class=\"elementor-widget-container\">\n\t\t\t\t\t<h2 class=\"elementor-heading-title elementor-size-default\">Matse\u00f0ill<\/h2>\t\t\t\t<\/div>\n\t\t\t\t<\/div>\n\t\t\t\t\t<\/div>\n\t\t\t\t<\/div>\n\t\t<div class=\"elementor-element elementor-element-40a8193 e-flex e-con-boxed e-con e-parent\" data-id=\"40a8193\" data-element_type=\"container\" data-e-type=\"container\">\n\t\t\t\t\t<div class=\"e-con-inner\">\n\t\t\t\t<div class=\"elementor-element elementor-element-5975b9c elementor-widget elementor-widget-image\" data-id=\"5975b9c\" data-element_type=\"widget\" data-e-type=\"widget\" data-widget_type=\"image.default\">\n\t\t\t\t<div class=\"elementor-widget-container\">\n\t\t\t\t\t\t\t\t\t\t\t\t\t\t\t<img fetchpriority=\"high\" decoding=\"async\" width=\"800\" height=\"566\" src=\"https:\/\/blabjorg.is\/wp-content\/uploads\/2025\/08\/SANDRA-a4-Menu-September-2025-1024x724.png\" class=\"attachment-large size-large wp-image-5852\" alt=\"\" srcset=\"https:\/\/blabjorg.is\/wp-content\/uploads\/2025\/08\/SANDRA-a4-Menu-September-2025-1024x724.png 1024w, https:\/\/blabjorg.is\/wp-content\/uploads\/2025\/08\/SANDRA-a4-Menu-September-2025-300x212.png 300w, https:\/\/blabjorg.is\/wp-content\/uploads\/2025\/08\/SANDRA-a4-Menu-September-2025-768x543.png 768w, https:\/\/blabjorg.is\/wp-content\/uploads\/2025\/08\/SANDRA-a4-Menu-September-2025-1536x1086.png 1536w, https:\/\/blabjorg.is\/wp-content\/uploads\/2025\/08\/SANDRA-a4-Menu-September-2025-1000x707.png 1000w, https:\/\/blabjorg.is\/wp-content\/uploads\/2025\/08\/SANDRA-a4-Menu-September-2025-100x71.png 100w, https:\/\/blabjorg.is\/wp-content\/uploads\/2025\/08\/SANDRA-a4-Menu-September-2025.png 2000w\" sizes=\"(max-width: 800px) 100vw, 800px\" \/>\t\t\t\t\t\t\t\t\t\t\t\t\t\t\t<\/div>\n\t\t\t\t<\/div>\n\t\t\t\t\t<\/div>\n\t\t\t\t<\/div>\n\t\t<div class=\"elementor-element elementor-element-bd823e1 e-flex e-con-boxed e-con e-parent\" data-id=\"bd823e1\" data-element_type=\"container\" data-e-type=\"container\">\n\t\t\t\t\t<div class=\"e-con-inner\">\n\t\t<div class=\"elementor-element elementor-element-ebcf575 e-con-full e-flex e-con e-child\" data-id=\"ebcf575\" data-element_type=\"container\" data-e-type=\"container\">\n\t\t\t\t<\/div>\n\t\t<div class=\"elementor-element elementor-element-43b97dd e-con-full e-flex e-con e-child\" data-id=\"43b97dd\" data-element_type=\"container\" data-e-type=\"container\">\n\t\t\t\t<div class=\"elementor-element elementor-element-e23ae75 elementor-widget elementor-widget-html\" data-id=\"e23ae75\" data-element_type=\"widget\" data-e-type=\"widget\" data-widget_type=\"html.default\">\n\t\t\t\t<div class=\"elementor-widget-container\">\n\t\t\t\t\t<link href=\"https:\/\/awards.infcdn.net\/2024\/circle_v2.css\" rel=\"stylesheet\"\/><div id=\"circle-r-ribbon\" onclick=\"if(event.target.nodeName.toLowerCase() != 'a') {window.open(this.querySelector('.r-ribbon_title').href);return 0;}\" class=\"\"> <div class=\"r-ribbon_ahead \"> <svg xmlns=\"http:\/\/www.w3.org\/2000\/svg\" xmlns:xlink=\"http:\/\/www.w3.org\/1999\/xlink\" width=\"160px\" height=\"160px\" viewBox=\"0 0 160 160\"> <defs> <path id=\"heading-arc\" d=\"M 30 80 a 50 50 0 1 1 100 0\"><\/path> <\/defs> <text class=\"r-ribbon_ahead-heading \" fill=\"#000\" text-anchor=\"middle\"> <textPath startOffset=\"50%\" xlink:href=\"#heading-arc\">Recommended<\/textPath> <\/text> <\/svg> <\/div> <p class=\"r-ribbon_year\">2025<\/p> <a href=\"https:\/\/restaurantguru.com\/Blabjorg-Restaurant-Borgarfjordur-Eystri\" class=\"r-ribbon_title f11\" target=\"_blank\">Frystiklefinn Restaurant<\/a> <div class=\"r-ribbon_ahead r-ribbon_ahead-bottom\"> <svg xmlns=\"http:\/\/www.w3.org\/2000\/svg\" xmlns:xlink=\"http:\/\/www.w3.org\/1999\/xlink\" width=\"120px\" height=\"120px\" viewBox=\"0 0 120 120\"> <defs> <path id=\"subheading-arc\" d=\"M 12 60 a 48 48 0 0 0 96 0\"><\/path> <\/defs> <text class=\"r-ribbon_ahead-subh\" fill=\"#000\" text-anchor=\"middle\"> <textPath startOffset=\"50%\" xlink:href=\"#subheading-arc\"><a href=\"https:\/\/restaurantguru.com\" target=\"_blank\">Restaurant Guru<\/a><\/textPath> <\/text> <\/svg> <\/div><\/div>\t\t\t\t<\/div>\n\t\t\t\t<\/div>\n\t\t\t\t<\/div>\n\t\t<div class=\"elementor-element elementor-element-e506577 e-con-full e-flex e-con e-child\" data-id=\"e506577\" data-element_type=\"container\" data-e-type=\"container\">\n\t\t\t\t<\/div>\n\t\t\t\t\t<\/div>\n\t\t\t\t<\/div>\n\t\t\t\t<\/div>\n\t\t","protected":false},"excerpt":{"rendered":"<p>Vinalegt og velkomi\u00f0 andr\u00famsloft b\u00ed\u00f0ur \u00fe\u00edn \u00ed Bl\u00e1bj\u00f6rgum. Veitingasta\u00f0urinn okkar, Frystiklefinn, b\u00fd\u00f0ur upp \u00e1 spennandi matse\u00f0il sem inniheldur b\u00e6\u00f0i al\u00fej\u00f3\u00f0lega og \u00edslenska r\u00e9tti, vi\u00f0 notumst vi\u00f0 ferskt sta\u00f0bundi\u00f0 hr\u00e1efni sem kemur beint fr\u00e1 b\u00fdli og n\u00e6rumhverfi.Opnunart\u00edmar Frystiklefans:September: 17:00-21:00\u00a0&#8211;N\u00e1nari uppl\u00fdsingar m\u00e1 finna \u00e1 Facebook s\u00ed\u00f0ur okkar.B\u00f3ka\u00f0ur bor\u00f0 h\u00e9r: B\u00f3ka bor\u00f0 B\u00f3kanir fyrir h\u00f3pa \u00e1 veitingasta\u00f0num Langar [&hellip;]<\/p>\n","protected":false},"author":1,"featured_media":0,"parent":0,"menu_order":0,"comment_status":"closed","ping_status":"closed","template":"","meta":{"footnotes":""},"class_list":["post-4425","page","type-page","status-publish","hentry"],"_links":{"self":[{"href":"https:\/\/blabjorg.is\/is\/wp-json\/wp\/v2\/pages\/4425","targetHints":{"allow":["GET"]}}],"collection":[{"href":"https:\/\/blabjorg.is\/is\/wp-json\/wp\/v2\/pages"}],"about":[{"href":"https:\/\/blabjorg.is\/is\/wp-json\/wp\/v2\/types\/page"}],"author":[{"embeddable":true,"href":"https:\/\/blabjorg.is\/is\/wp-json\/wp\/v2\/users\/1"}],"replies":[{"embeddable":true,"href":"https:\/\/blabjorg.is\/is\/wp-json\/wp\/v2\/comments?post=4425"}],"version-history":[{"count":23,"href":"https:\/\/blabjorg.is\/is\/wp-json\/wp\/v2\/pages\/4425\/revisions"}],"predecessor-version":[{"id":5859,"href":"https:\/\/blabjorg.is\/is\/wp-json\/wp\/v2\/pages\/4425\/revisions\/5859"}],"wp:attachment":[{"href":"https:\/\/blabjorg.is\/is\/wp-json\/wp\/v2\/media?parent=4425"}],"curies":[{"name":"wp","href":"https:\/\/api.w.org\/{rel}","templated":true}]}}