{"id":4408,"date":"2021-11-17T15:14:05","date_gmt":"2021-11-17T15:14:05","guid":{"rendered":"https:\/\/blabjorg.is\/spa\/"},"modified":"2025-02-11T14:22:55","modified_gmt":"2025-02-11T14:22:55","slug":"spa","status":"publish","type":"page","link":"https:\/\/blabjorg.is\/is\/spa\/","title":{"rendered":"SPA"},"content":{"rendered":"\t\t<div data-elementor-type=\"wp-page\" data-elementor-id=\"4408\" class=\"elementor elementor-4408 elementor-239\" data-elementor-post-type=\"page\">\n\t\t\t\t\t\t<section class=\"elementor-section elementor-top-section elementor-element elementor-element-6a0a633a elementor-section-height-min-height elementor-section-boxed elementor-section-height-default elementor-section-items-middle\" data-id=\"6a0a633a\" data-element_type=\"section\" data-e-type=\"section\" data-settings=\"{&quot;background_background&quot;:&quot;video&quot;,&quot;shape_divider_bottom&quot;:&quot;mountains&quot;,&quot;background_video_link&quot;:&quot;https:\\\/\\\/youtu.be\\\/hgp1v2tJKkQ&quot;,&quot;background_video_start&quot;:0,&quot;background_play_on_mobile&quot;:&quot;yes&quot;}\">\n\t\t\t\t\t\t\t\t<div class=\"elementor-background-video-container\">\n\t\t\t\t\t\t\t\t\t\t\t\t\t<div class=\"elementor-background-video-embed\" role=\"presentation\"><\/div>\n\t\t\t\t\t\t\t\t\t\t\t\t<\/div>\n\t\t\t\t\t\t\t\t\t<div class=\"elementor-background-overlay\"><\/div>\n\t\t\t\t\t\t<div class=\"elementor-shape elementor-shape-bottom\" aria-hidden=\"true\" data-negative=\"false\">\n\t\t\t<svg xmlns=\"http:\/\/www.w3.org\/2000\/svg\" viewBox=\"0 0 1000 100\" preserveAspectRatio=\"none\">\n\t<path class=\"elementor-shape-fill\" opacity=\"0.33\" d=\"M473,67.3c-203.9,88.3-263.1-34-320.3,0C66,119.1,0,59.7,0,59.7V0h1000v59.7 c0,0-62.1,26.1-94.9,29.3c-32.8,3.3-62.8-12.3-75.8-22.1C806,49.6,745.3,8.7,694.9,4.7S492.4,59,473,67.3z\"\/>\n\t<path class=\"elementor-shape-fill\" opacity=\"0.66\" d=\"M734,67.3c-45.5,0-77.2-23.2-129.1-39.1c-28.6-8.7-150.3-10.1-254,39.1 s-91.7-34.4-149.2,0C115.7,118.3,0,39.8,0,39.8V0h1000v36.5c0,0-28.2-18.5-92.1-18.5C810.2,18.1,775.7,67.3,734,67.3z\"\/>\n\t<path class=\"elementor-shape-fill\" d=\"M766.1,28.9c-200-57.5-266,65.5-395.1,19.5C242,1.8,242,5.4,184.8,20.6C128,35.8,132.3,44.9,89.9,52.5C28.6,63.7,0,0,0,0 h1000c0,0-9.9,40.9-83.6,48.1S829.6,47,766.1,28.9z\"\/>\n<\/svg>\t\t<\/div>\n\t\t\t\t\t<div class=\"elementor-container elementor-column-gap-default\">\n\t\t\t\t\t<div class=\"elementor-column elementor-col-100 elementor-top-column elementor-element elementor-element-5cfbf579\" data-id=\"5cfbf579\" data-element_type=\"column\" data-e-type=\"column\">\n\t\t\t<div class=\"elementor-widget-wrap elementor-element-populated\">\n\t\t\t\t\t\t<div class=\"elementor-element elementor-element-ba86e14 elementor-widget__width-initial elementor-widget elementor-widget-image\" data-id=\"ba86e14\" data-element_type=\"widget\" data-e-type=\"widget\" data-widget_type=\"image.default\">\n\t\t\t\t<div class=\"elementor-widget-container\">\n\t\t\t\t\t\t\t\t\t\t\t\t\t\t\t<img fetchpriority=\"high\" decoding=\"async\" width=\"1200\" height=\"440\" src=\"https:\/\/blabjorg.is\/wp-content\/uploads\/2021\/11\/Musterid_logo_hv.png\" class=\"attachment-1536x1536 size-1536x1536 wp-image-1928\" alt=\"\" srcset=\"https:\/\/blabjorg.is\/wp-content\/uploads\/2021\/11\/Musterid_logo_hv.png 1200w, https:\/\/blabjorg.is\/wp-content\/uploads\/2021\/11\/Musterid_logo_hv-1000x367.png 1000w, https:\/\/blabjorg.is\/wp-content\/uploads\/2021\/11\/Musterid_logo_hv-300x110.png 300w, https:\/\/blabjorg.is\/wp-content\/uploads\/2021\/11\/Musterid_logo_hv-1024x375.png 1024w, https:\/\/blabjorg.is\/wp-content\/uploads\/2021\/11\/Musterid_logo_hv-768x282.png 768w\" sizes=\"(max-width: 1200px) 100vw, 1200px\" \/>\t\t\t\t\t\t\t\t\t\t\t\t\t\t\t<\/div>\n\t\t\t\t<\/div>\n\t\t\t\t\t<\/div>\n\t\t<\/div>\n\t\t\t\t\t<\/div>\n\t\t<\/section>\n\t\t\t\t<section class=\"elementor-section elementor-top-section elementor-element elementor-element-8d08d56 elementor-section-boxed elementor-section-height-default elementor-section-height-default\" data-id=\"8d08d56\" data-element_type=\"section\" data-e-type=\"section\">\n\t\t\t\t\t\t\t<div class=\"elementor-background-overlay\"><\/div>\n\t\t\t\t\t\t\t<div class=\"elementor-container elementor-column-gap-default\">\n\t\t\t\t\t<div class=\"elementor-column elementor-col-100 elementor-top-column elementor-element elementor-element-f37564e\" data-id=\"f37564e\" data-element_type=\"column\" data-e-type=\"column\">\n\t\t\t<div class=\"elementor-widget-wrap elementor-element-populated\">\n\t\t\t\t\t\t<div class=\"elementor-element elementor-element-940a05d elementor-widget elementor-widget-heading\" data-id=\"940a05d\" data-element_type=\"widget\" data-e-type=\"widget\" data-widget_type=\"heading.default\">\n\t\t\t\t<div class=\"elementor-widget-container\">\n\t\t\t\t\t<h2 class=\"elementor-heading-title elementor-size-default\">Nj\u00f3ttu <br><span style=\"color: #2B5863\">heilsulindarinnar okkar<\/span><\/h2>\t\t\t\t<\/div>\n\t\t\t\t<\/div>\n\t\t\t\t<div class=\"elementor-element elementor-element-78c1057 elementor-widget elementor-widget-text-editor\" data-id=\"78c1057\" data-element_type=\"widget\" data-e-type=\"widget\" data-widget_type=\"text-editor.default\">\n\t\t\t\t<div class=\"elementor-widget-container\">\n\t\t\t\t\t\t\t\t\t<p>Musteri\u00f0 Spa \u2013 sta\u00f0urinn fyrir sl\u00f6kun og vell\u00ed\u00f0an, fyrir l\u00edkamann og s\u00e1lina.<\/p>\n<p>H\u00e9r getur \u00fe\u00fa upplifa\u00f0 kyrr\u00f0 og sl\u00f6kun \u00e1 me\u00f0an \u00fe\u00fa n\u00fdtur \u00fats\u00fdnisins yfir fj\u00f6r\u00f0inn. Fullkomin lei\u00f0 til a\u00f0 slake \u00e1 eftir langan dag \u00ed g\u00f6ngum e\u00f0a til a\u00f0 dekra a\u00f0eins vi\u00f0 sj\u00e1lfan sig. <\/p>\n<p>Vi\u00f0 bj\u00f3\u00f0um n\u00fana upp \u00e1 bj\u00f3rb\u00f6\u00f0 allt \u00e1ri\u00f0 um kring og \u00fearab\u00f6\u00f0 \u00e1rst\u00ed\u00f0abundi\u00f0 <\/p>\n<h3>Hafi\u00f0 samband vi\u00f0 Musteri\u00f0 Spa: musterispa@blabjorg.is<\/h3>\n\t\t\t\t\t\t\t\t<\/div>\n\t\t\t\t<\/div>\n\t\t\t\t\t<\/div>\n\t\t<\/div>\n\t\t\t\t\t<\/div>\n\t\t<\/section>\n\t\t<div class=\"elementor-element elementor-element-dc2310a e-flex e-con-boxed e-con e-parent\" data-id=\"dc2310a\" data-element_type=\"container\" data-e-type=\"container\">\n\t\t\t\t\t<div class=\"e-con-inner\">\n\t\t\t\t<div class=\"elementor-element elementor-element-6ee4c03 elementor-widget elementor-widget-html\" data-id=\"6ee4c03\" data-element_type=\"widget\" data-e-type=\"widget\" data-widget_type=\"html.default\">\n\t\t\t\t<div class=\"elementor-widget-container\">\n\t\t\t\t\t<script type=\"text\/javascript\" src=\"https:\/\/widgets.bokun.io\/assets\/javascripts\/apps\/build\/BokunWidgetsLoader.js?bookingChannelUUID=571cdf2e-a1fb-4bf3-b447-6ec5eb6d8e9d\" async=\"\"><\/script>\n     \n    <div class=\"bokunWidget\" data-src=\"https:\/\/widgets.bokun.io\/online-sales\/571cdf2e-a1fb-4bf3-b447-6ec5eb6d8e9d\/product-list\/70318\"><\/div>\n    <noscript>Please enable javascript in your browser to book<\/noscript>\n\t\t\t\t<\/div>\n\t\t\t\t<\/div>\n\t\t\t\t\t<\/div>\n\t\t\t\t<\/div>\n\t\t<div class=\"elementor-element elementor-element-5c7c46a e-flex e-con-boxed e-con e-parent\" data-id=\"5c7c46a\" data-element_type=\"container\" data-e-type=\"container\">\n\t\t\t\t\t<div class=\"e-con-inner\">\n\t\t\t\t<div class=\"elementor-element elementor-element-bbf2c33 elementor-widget elementor-widget-heading\" data-id=\"bbf2c33\" data-element_type=\"widget\" data-e-type=\"widget\" data-widget_type=\"heading.default\">\n\t\t\t\t<div class=\"elementor-widget-container\">\n\t\t\t\t\t<h2 class=\"elementor-heading-title elementor-size-default\">\u00dej\u00f3nusta Okkar<\/h2>\t\t\t\t<\/div>\n\t\t\t\t<\/div>\n\t\t\t\t\t<\/div>\n\t\t\t\t<\/div>\n\t\t<div class=\"elementor-element elementor-element-e40d7d2 e-grid e-con-boxed e-con e-parent\" data-id=\"e40d7d2\" data-element_type=\"container\" data-e-type=\"container\">\n\t\t\t\t\t<div class=\"e-con-inner\">\n\t\t\t\t<div class=\"elementor-element elementor-element-f36b8b3 elementor-widget elementor-widget-image\" data-id=\"f36b8b3\" data-element_type=\"widget\" data-e-type=\"widget\" data-widget_type=\"image.default\">\n\t\t\t\t<div class=\"elementor-widget-container\">\n\t\t\t\t\t\t\t\t\t\t\t\t\t\t\t<img decoding=\"async\" src=\"https:\/\/blabjorg.is\/wp-content\/uploads\/elementor\/thumbs\/DSC02918-scaled-qznhm2itx6hnyae4nf7yrqhcchmo7nz0hgmvuc086o.jpg\" title=\"DSC02918\" alt=\"DSC02918\" loading=\"lazy\" \/>\t\t\t\t\t\t\t\t\t\t\t\t\t\t\t<\/div>\n\t\t\t\t<\/div>\n\t\t\t\t<div class=\"elementor-element elementor-element-64ca50c elementor-widget elementor-widget-image\" data-id=\"64ca50c\" data-element_type=\"widget\" data-e-type=\"widget\" data-widget_type=\"image.default\">\n\t\t\t\t<div class=\"elementor-widget-container\">\n\t\t\t\t\t\t\t\t\t\t\t\t\t\t\t<img decoding=\"async\" src=\"https:\/\/blabjorg.is\/wp-content\/uploads\/elementor\/thumbs\/DSC02814-scaled-qznhoaf423j1d562ovr95obiu8ovdxs74g35muprhs.jpg\" title=\"DSC02814\" alt=\"DSC02814\" loading=\"lazy\" \/>\t\t\t\t\t\t\t\t\t\t\t\t\t\t\t<\/div>\n\t\t\t\t<\/div>\n\t\t\t\t<div class=\"elementor-element elementor-element-9f393d5 elementor-widget elementor-widget-image\" data-id=\"9f393d5\" data-element_type=\"widget\" data-e-type=\"widget\" data-widget_type=\"image.default\">\n\t\t\t\t<div class=\"elementor-widget-container\">\n\t\t\t\t\t\t\t\t\t\t\t\t\t\t\t<img decoding=\"async\" src=\"https:\/\/blabjorg.is\/wp-content\/uploads\/elementor\/thumbs\/DSC02650-scaled-qznhn527pdyf6au5edvo3yr8pacpz980ardsiof33k.jpg\" title=\"DSC02650\" alt=\"DSC02650\" loading=\"lazy\" \/>\t\t\t\t\t\t\t\t\t\t\t\t\t\t\t<\/div>\n\t\t\t\t<\/div>\n\t\t\t\t\t<\/div>\n\t\t\t\t<\/div>\n\t\t<div class=\"elementor-element elementor-element-46a9afe e-grid e-con-boxed e-con e-parent\" data-id=\"46a9afe\" data-element_type=\"container\" data-e-type=\"container\">\n\t\t\t\t\t<div class=\"e-con-inner\">\n\t\t\t\t<div class=\"elementor-element elementor-element-4f62447 elementor-widget elementor-widget-text-editor\" data-id=\"4f62447\" data-element_type=\"widget\" data-e-type=\"widget\" data-widget_type=\"text-editor.default\">\n\t\t\t\t<div class=\"elementor-widget-container\">\n\t\t\t\t\t\t\t\t\t<h3>Musteri\u00f0 Spa<\/h3><p>Innifali\u00f0 er a\u00f0gangur a\u00f0 finnsku gufuba\u00f0i, innrau\u00f0u gufuba\u00f0i, eimba\u00f0i \u00e1samt heitum pottum og k\u00f6ldum potti.<\/p><p>Vi\u00f0 bj\u00f3\u00f0um upp \u00e1 tv\u00f6 a\u00f0gangsstig: almennan a\u00f0gang sem veitir a\u00f0gang a\u00f0 gufuba\u00f0i og pottum \u00ed 90 m\u00edn\u00fatur og l\u00faxus a\u00f0gang sem felur \u00ed s\u00e9r almennan a\u00f0gang auk handkl\u00e6\u00f0a-og sloppaleigu \u00e1samt drykk a\u00f0 eigin vali.<\/p><p>\u00a0<\/p>\t\t\t\t\t\t\t\t<\/div>\n\t\t\t\t<\/div>\n\t\t\t\t<div class=\"elementor-element elementor-element-694d537 elementor-widget elementor-widget-text-editor\" data-id=\"694d537\" data-element_type=\"widget\" data-e-type=\"widget\" data-widget_type=\"text-editor.default\">\n\t\t\t\t<div class=\"elementor-widget-container\">\n\t\t\t\t\t\t\t\t\t<h3>Bj\u00f3rb\u00f6\u00f0<\/h3><p>Brugga\u00f0 \u00ed okkar eigin KHB bruggh\u00fasi \u2013 bj\u00f3rb\u00f6\u00f0in okkar eru sni\u00f0in fyrir sl\u00f6kun. Fr\u00e1b\u00e6r uppspretta v\u00edtam\u00edna og andoxunarefna, ol\u00edurnar og steinefnin hafa b\u00f3lguey\u00f0andi \u00e1hrif \u00e1 h\u00fa\u00f0ina \u00e1samt \u00fev\u00ed a\u00f0 hafa r\u00f3andi og slakandi \u00e1hrif \u00e1 v\u00f6\u00f0va og l\u00edkama.<\/p>\t\t\t\t\t\t\t\t<\/div>\n\t\t\t\t<\/div>\n\t\t\t\t<div class=\"elementor-element elementor-element-e2b06fa elementor-widget elementor-widget-text-editor\" data-id=\"e2b06fa\" data-element_type=\"widget\" data-e-type=\"widget\" data-widget_type=\"text-editor.default\">\n\t\t\t\t<div class=\"elementor-widget-container\">\n\t\t\t\t\t\t\t\t\t<h3>\u00dearab\u00f6\u00f0<\/h3><p><span style=\"font-weight: 400;\">\u00dearab\u00f6\u00f0 eru aldagamlar me\u00f0fer\u00f0ir sem eiga uppruna sinn \u00e1 \u00cdrlandi, kallast Aloe vera sj\u00e1var\u00feangsins, \u00feari er r\u00edkur af andoxunarefnum, v\u00edtam\u00ednum, steinefnum, pr\u00f3teinum, j\u00e1rni, jo\u00f0i og m\u00f6rgu fleira.<\/span><\/p><p><span style=\"font-weight: 400;\">\u00deessar n\u00e1tt\u00farulegu me\u00f0fer\u00f0ir hafa j\u00e1kv\u00e6\u00f0ar og v\u00ed\u00f0t\u00e6k \u00e1hrif \u00e1 l\u00edkamann og veita magna\u00f0a upplifun. <\/span><\/p>\t\t\t\t\t\t\t\t<\/div>\n\t\t\t\t<\/div>\n\t\t\t\t\t<\/div>\n\t\t\t\t<\/div>\n\t\t\t\t<\/div>\n\t\t","protected":false},"excerpt":{"rendered":"<p>Nj\u00f3ttu heilsulindarinnar okkar Musteri\u00f0 Spa \u2013 sta\u00f0urinn fyrir sl\u00f6kun og vell\u00ed\u00f0an, fyrir l\u00edkamann og s\u00e1lina. H\u00e9r getur \u00fe\u00fa upplifa\u00f0 kyrr\u00f0 og sl\u00f6kun \u00e1 me\u00f0an \u00fe\u00fa n\u00fdtur \u00fats\u00fdnisins yfir fj\u00f6r\u00f0inn. Fullkomin lei\u00f0 til a\u00f0 slake \u00e1 eftir langan dag \u00ed g\u00f6ngum e\u00f0a til a\u00f0 dekra a\u00f0eins vi\u00f0 sj\u00e1lfan sig. Vi\u00f0 bj\u00f3\u00f0um n\u00fana upp \u00e1 bj\u00f3rb\u00f6\u00f0 allt [&hellip;]<\/p>\n","protected":false},"author":1,"featured_media":0,"parent":0,"menu_order":0,"comment_status":"closed","ping_status":"closed","template":"","meta":{"footnotes":""},"class_list":["post-4408","page","type-page","status-publish","hentry"],"_links":{"self":[{"href":"https:\/\/blabjorg.is\/is\/wp-json\/wp\/v2\/pages\/4408","targetHints":{"allow":["GET"]}}],"collection":[{"href":"https:\/\/blabjorg.is\/is\/wp-json\/wp\/v2\/pages"}],"about":[{"href":"https:\/\/blabjorg.is\/is\/wp-json\/wp\/v2\/types\/page"}],"author":[{"embeddable":true,"href":"https:\/\/blabjorg.is\/is\/wp-json\/wp\/v2\/users\/1"}],"replies":[{"embeddable":true,"href":"https:\/\/blabjorg.is\/is\/wp-json\/wp\/v2\/comments?post=4408"}],"version-history":[{"count":10,"href":"https:\/\/blabjorg.is\/is\/wp-json\/wp\/v2\/pages\/4408\/revisions"}],"predecessor-version":[{"id":5534,"href":"https:\/\/blabjorg.is\/is\/wp-json\/wp\/v2\/pages\/4408\/revisions\/5534"}],"wp:attachment":[{"href":"https:\/\/blabjorg.is\/is\/wp-json\/wp\/v2\/media?parent=4408"}],"curies":[{"name":"wp","href":"https:\/\/api.w.org\/{rel}","templated":true}]}}