{"id":4404,"date":"2021-11-17T16:24:42","date_gmt":"2021-11-17T16:24:42","guid":{"rendered":"https:\/\/blabjorg.is\/hafdu-samband\/"},"modified":"2024-02-16T11:56:33","modified_gmt":"2024-02-16T11:56:33","slug":"hafdu-samband","status":"publish","type":"page","link":"https:\/\/blabjorg.is\/is\/hafdu-samband\/","title":{"rendered":"Haf\u00f0u samband"},"content":{"rendered":"\t\t<div data-elementor-type=\"wp-page\" data-elementor-id=\"4404\" class=\"elementor elementor-4404 elementor-267\" data-elementor-post-type=\"page\">\n\t\t\t\t\t\t<section class=\"elementor-section elementor-top-section elementor-element elementor-element-65cf3ad1 elementor-section-height-min-height elementor-section-boxed elementor-section-height-default elementor-section-items-middle\" data-id=\"65cf3ad1\" data-element_type=\"section\" data-e-type=\"section\" data-settings=\"{&quot;background_background&quot;:&quot;classic&quot;,&quot;shape_divider_bottom&quot;:&quot;mountains&quot;}\">\n\t\t\t\t\t\t\t<div class=\"elementor-background-overlay\"><\/div>\n\t\t\t\t\t\t<div class=\"elementor-shape elementor-shape-bottom\" aria-hidden=\"true\" data-negative=\"false\">\n\t\t\t<svg xmlns=\"http:\/\/www.w3.org\/2000\/svg\" viewBox=\"0 0 1000 100\" preserveAspectRatio=\"none\">\n\t<path class=\"elementor-shape-fill\" opacity=\"0.33\" d=\"M473,67.3c-203.9,88.3-263.1-34-320.3,0C66,119.1,0,59.7,0,59.7V0h1000v59.7 c0,0-62.1,26.1-94.9,29.3c-32.8,3.3-62.8-12.3-75.8-22.1C806,49.6,745.3,8.7,694.9,4.7S492.4,59,473,67.3z\"\/>\n\t<path class=\"elementor-shape-fill\" opacity=\"0.66\" d=\"M734,67.3c-45.5,0-77.2-23.2-129.1-39.1c-28.6-8.7-150.3-10.1-254,39.1 s-91.7-34.4-149.2,0C115.7,118.3,0,39.8,0,39.8V0h1000v36.5c0,0-28.2-18.5-92.1-18.5C810.2,18.1,775.7,67.3,734,67.3z\"\/>\n\t<path class=\"elementor-shape-fill\" d=\"M766.1,28.9c-200-57.5-266,65.5-395.1,19.5C242,1.8,242,5.4,184.8,20.6C128,35.8,132.3,44.9,89.9,52.5C28.6,63.7,0,0,0,0 h1000c0,0-9.9,40.9-83.6,48.1S829.6,47,766.1,28.9z\"\/>\n<\/svg>\t\t<\/div>\n\t\t\t\t\t<div class=\"elementor-container elementor-column-gap-default\">\n\t\t\t\t\t<div class=\"elementor-column elementor-col-100 elementor-top-column elementor-element elementor-element-661fd759\" data-id=\"661fd759\" data-element_type=\"column\" data-e-type=\"column\">\n\t\t\t<div class=\"elementor-widget-wrap elementor-element-populated\">\n\t\t\t\t\t\t<div class=\"elementor-element elementor-element-b19b4fb elementor-widget elementor-widget-heading\" data-id=\"b19b4fb\" data-element_type=\"widget\" data-e-type=\"widget\" data-widget_type=\"heading.default\">\n\t\t\t\t<div class=\"elementor-widget-container\">\n\t\t\t\t\t<h1 class=\"elementor-heading-title elementor-size-default\">Haf\u00f0ur samband vi\u00f0 okkur<\/h1>\t\t\t\t<\/div>\n\t\t\t\t<\/div>\n\t\t\t\t\t<\/div>\n\t\t<\/div>\n\t\t\t\t\t<\/div>\n\t\t<\/section>\n\t\t\t\t<section class=\"elementor-section elementor-top-section elementor-element elementor-element-165f5297 elementor-section-boxed elementor-section-height-default elementor-section-height-default\" data-id=\"165f5297\" data-element_type=\"section\" data-e-type=\"section\">\n\t\t\t\t\t\t<div class=\"elementor-container elementor-column-gap-default\">\n\t\t\t\t\t<div class=\"elementor-column elementor-col-100 elementor-top-column elementor-element elementor-element-19697b25\" data-id=\"19697b25\" data-element_type=\"column\" data-e-type=\"column\">\n\t\t\t<div class=\"elementor-widget-wrap elementor-element-populated\">\n\t\t\t\t<div class=\"elementor-element elementor-element-5c7d5f7 e-flex e-con-boxed e-con e-parent\" data-id=\"5c7d5f7\" data-element_type=\"container\" data-e-type=\"container\">\n\t\t\t\t\t<div class=\"e-con-inner\">\n\t\t\t\t<div class=\"elementor-element elementor-element-a9eb105 elementor-widget elementor-widget-image\" data-id=\"a9eb105\" data-element_type=\"widget\" data-e-type=\"widget\" data-widget_type=\"image.default\">\n\t\t\t\t<div class=\"elementor-widget-container\">\n\t\t\t\t\t\t\t\t\t\t\t\t\t\t\t<img decoding=\"async\" width=\"300\" height=\"110\" src=\"https:\/\/blabjorg.is\/wp-content\/uploads\/2022\/12\/Blabjorg_Resort_blck-300x110.png\" class=\"attachment-medium size-medium wp-image-2119\" alt=\"\" srcset=\"https:\/\/blabjorg.is\/wp-content\/uploads\/2022\/12\/Blabjorg_Resort_blck-300x110.png 300w, https:\/\/blabjorg.is\/wp-content\/uploads\/2022\/12\/Blabjorg_Resort_blck-1024x375.png 1024w, https:\/\/blabjorg.is\/wp-content\/uploads\/2022\/12\/Blabjorg_Resort_blck-768x282.png 768w, https:\/\/blabjorg.is\/wp-content\/uploads\/2022\/12\/Blabjorg_Resort_blck-1000x367.png 1000w, https:\/\/blabjorg.is\/wp-content\/uploads\/2022\/12\/Blabjorg_Resort_blck.png 1200w\" sizes=\"(max-width: 300px) 100vw, 300px\" \/>\t\t\t\t\t\t\t\t\t\t\t\t\t\t\t<\/div>\n\t\t\t\t<\/div>\n\t\t\t\t\t<\/div>\n\t\t\t\t<\/div>\n\t\t\t\t<div class=\"elementor-element elementor-element-8e8d636 elementor-widget elementor-widget-eael-fancy-text\" data-id=\"8e8d636\" data-element_type=\"widget\" data-e-type=\"widget\" data-widget_type=\"eael-fancy-text.default\">\n\t\t\t\t<div class=\"elementor-widget-container\">\n\t\t\t\t\t\n\t<div  class=\"eael-fancy-text-container style-1\" data-fancy-text-id=\"8e8d636\" data-fancy-text=\"|Musteri\u00f0 Spa?|Frystiklefinn veitingasta\u00f0ur?|Bl\u00e1bj\u00f6rg gisting?|Hafnarh\u00fas kaffih\u00fas?|KHB bruggh\u00fas?\" data-fancy-text-transition-type=\"typing\" data-fancy-text-speed=\"50\" data-fancy-text-delay=\"2500\" data-fancy-text-cursor=\"yes\" data-fancy-text-loop=\"yes\" data-fancy-text-action=\"page_load\" >\n\t\t\t\t\t<span class=\"eael-fancy-text-prefix\">Hefur\u00f0ur spurningar e\u00f0a viltu vita meira? <\/span>\n\t\t\n\t\t\n\t\t\t\t\t<span id=\"eael-fancy-text-8e8d636\" class=\"eael-fancy-text-strings solid-color\">\n\t\t\t\t<noscript>\n\t\t\t\t\tMusteri\u00f0 Spa?, Frystiklefinn veitingasta\u00f0ur?, Bl\u00e1bj\u00f6rg gisting?, Hafnarh\u00fas kaffih\u00fas?, KHB bruggh\u00fas?\t\t\t\t<\/noscript>\n\t\t\t<\/span>\n\t\t\n\t\t\t\t\t<span class=\"eael-fancy-text-suffix\"> Haf\u00f0u samband! <\/span>\n\t\t\t<\/div><!-- close .eael-fancy-text-container -->\n\n\t<div class=\"clearfix\"><\/div>\n\n\t\t\t\t\t<\/div>\n\t\t\t\t<\/div>\n\t\t\t\t<div class=\"elementor-element elementor-element-9a9dfc9 elementor-widget elementor-widget-text-editor\" data-id=\"9a9dfc9\" data-element_type=\"widget\" data-e-type=\"widget\" data-widget_type=\"text-editor.default\">\n\t\t\t\t<div class=\"elementor-widget-container\">\n\t\t\t\t\t\t\t\t\t<p>Bl\u00e1bj\u00f6rg Resort er tilb\u00fai\u00f0 a\u00f0 a\u00f0sto\u00f0a \u00feig og veita \u00fe\u00e9r uppl\u00fdsingar.<\/p>\n<p>Bl\u00e1bj\u00f6rg Resort rekur fj\u00f6l\u00fe\u00e6tta \u00fej\u00f3nustu \u00e1 Borgarfir\u00f0i eystri. Vi\u00f0 bj\u00f3\u00f0um upp \u00e1 gistingu, heilsulind, veitingar og rekum okkar eigi\u00f0 bruggh\u00fas og kaffih\u00fas \u00ed hafnarh\u00f3lmanum.<\/p>\n<p>Ekki hika vi\u00f0 a\u00f0 hafa samband vi\u00f0 <a href=\"mailto:bookings@blabjorg.is\">bookings@blabjorg.is<\/a> fyrir frekari uppl\u00fdsingar. <\/p>\n<p>Fyrir Musteri\u00f0 Spa, vinsamlegast sendi\u00f0 post \u00e1 netfangi\u00f0 <a href=\"mailto:musterispa@blabjorg.is\">musterispa@blabjorg.is<\/a><\/p>\n<p>Fyrir KHB bruggh\u00fas og bar, vinsamlegast heims\u00e6ki\u00f0 <a href=\"https:\/\/www.khb-brugghus.is\/\">www.khb-brugghus.is<\/a> e\u00f0a hafi\u00f0 samband \u00e1 netfangi\u00f0 <a class=\"wixui-rich-text__text\" href=\"mailto:khb@khb-brugghus.is\" data-auto-recognition=\"true\">khb@khb-brugghus.is<\/a><\/p>\n\t\t\t\t\t\t\t\t<\/div>\n\t\t\t\t<\/div>\n\t\t\t\t\t<\/div>\n\t\t<\/div>\n\t\t\t\t\t<\/div>\n\t\t<\/section>\n\t\t\t\t<\/div>\n\t\t","protected":false},"excerpt":{"rendered":"<p>Haf\u00f0ur samband vi\u00f0 okkur Hefur\u00f0ur spurningar e\u00f0a viltu vita meira? Musteri\u00f0 Spa?, Frystiklefinn veitingasta\u00f0ur?, Bl\u00e1bj\u00f6rg gisting?, Hafnarh\u00fas kaffih\u00fas?, KHB bruggh\u00fas? Haf\u00f0u samband! Bl\u00e1bj\u00f6rg Resort er tilb\u00fai\u00f0 a\u00f0 a\u00f0sto\u00f0a \u00feig og veita \u00fe\u00e9r uppl\u00fdsingar. Bl\u00e1bj\u00f6rg Resort rekur fj\u00f6l\u00fe\u00e6tta \u00fej\u00f3nustu \u00e1 Borgarfir\u00f0i eystri. Vi\u00f0 bj\u00f3\u00f0um upp \u00e1 gistingu, heilsulind, veitingar og rekum okkar eigi\u00f0 bruggh\u00fas og kaffih\u00fas [&hellip;]<\/p>\n","protected":false},"author":1,"featured_media":0,"parent":0,"menu_order":0,"comment_status":"closed","ping_status":"closed","template":"","meta":{"footnotes":""},"class_list":["post-4404","page","type-page","status-publish","hentry"],"_links":{"self":[{"href":"https:\/\/blabjorg.is\/is\/wp-json\/wp\/v2\/pages\/4404","targetHints":{"allow":["GET"]}}],"collection":[{"href":"https:\/\/blabjorg.is\/is\/wp-json\/wp\/v2\/pages"}],"about":[{"href":"https:\/\/blabjorg.is\/is\/wp-json\/wp\/v2\/types\/page"}],"author":[{"embeddable":true,"href":"https:\/\/blabjorg.is\/is\/wp-json\/wp\/v2\/users\/1"}],"replies":[{"embeddable":true,"href":"https:\/\/blabjorg.is\/is\/wp-json\/wp\/v2\/comments?post=4404"}],"version-history":[{"count":3,"href":"https:\/\/blabjorg.is\/is\/wp-json\/wp\/v2\/pages\/4404\/revisions"}],"predecessor-version":[{"id":4407,"href":"https:\/\/blabjorg.is\/is\/wp-json\/wp\/v2\/pages\/4404\/revisions\/4407"}],"wp:attachment":[{"href":"https:\/\/blabjorg.is\/is\/wp-json\/wp\/v2\/media?parent=4404"}],"curies":[{"name":"wp","href":"https:\/\/api.w.org\/{rel}","templated":true}]}}