{"id":4393,"date":"2023-05-17T20:18:14","date_gmt":"2023-05-17T20:18:14","guid":{"rendered":"https:\/\/blabjorg.is\/adgengi\/"},"modified":"2024-02-19T10:21:44","modified_gmt":"2024-02-19T10:21:44","slug":"adgengi","status":"publish","type":"page","link":"https:\/\/blabjorg.is\/is\/adgengi\/","title":{"rendered":"A\u00f0gengi"},"content":{"rendered":"\t\t<div data-elementor-type=\"wp-page\" data-elementor-id=\"4393\" class=\"elementor elementor-4393 elementor-3170\" data-elementor-post-type=\"page\">\n\t\t\t\t\t\t<section class=\"elementor-section elementor-top-section elementor-element elementor-element-6c9347d9 elementor-section-height-min-height elementor-section-boxed elementor-section-height-default elementor-section-items-middle\" data-id=\"6c9347d9\" data-element_type=\"section\" data-e-type=\"section\" data-settings=\"{&quot;background_background&quot;:&quot;slideshow&quot;,&quot;background_slideshow_gallery&quot;:[{&quot;id&quot;:1739,&quot;url&quot;:&quot;https:\\\/\\\/blabjorg.is\\\/wp-content\\\/uploads\\\/2022\\\/12\\\/drone-des-3-scaled.jpeg&quot;}],&quot;background_slideshow_ken_burns&quot;:&quot;yes&quot;,&quot;shape_divider_bottom&quot;:&quot;mountains&quot;,&quot;background_slideshow_loop&quot;:&quot;yes&quot;,&quot;background_slideshow_slide_duration&quot;:5000,&quot;background_slideshow_slide_transition&quot;:&quot;fade&quot;,&quot;background_slideshow_transition_duration&quot;:500,&quot;background_slideshow_ken_burns_zoom_direction&quot;:&quot;in&quot;}\">\n\t\t\t\t\t\t\t<div class=\"elementor-background-overlay\"><\/div>\n\t\t\t\t\t\t<div class=\"elementor-shape elementor-shape-bottom\" aria-hidden=\"true\" data-negative=\"false\">\n\t\t\t<svg xmlns=\"http:\/\/www.w3.org\/2000\/svg\" viewBox=\"0 0 1000 100\" preserveAspectRatio=\"none\">\n\t<path class=\"elementor-shape-fill\" opacity=\"0.33\" d=\"M473,67.3c-203.9,88.3-263.1-34-320.3,0C66,119.1,0,59.7,0,59.7V0h1000v59.7 c0,0-62.1,26.1-94.9,29.3c-32.8,3.3-62.8-12.3-75.8-22.1C806,49.6,745.3,8.7,694.9,4.7S492.4,59,473,67.3z\"\/>\n\t<path class=\"elementor-shape-fill\" opacity=\"0.66\" d=\"M734,67.3c-45.5,0-77.2-23.2-129.1-39.1c-28.6-8.7-150.3-10.1-254,39.1 s-91.7-34.4-149.2,0C115.7,118.3,0,39.8,0,39.8V0h1000v36.5c0,0-28.2-18.5-92.1-18.5C810.2,18.1,775.7,67.3,734,67.3z\"\/>\n\t<path class=\"elementor-shape-fill\" d=\"M766.1,28.9c-200-57.5-266,65.5-395.1,19.5C242,1.8,242,5.4,184.8,20.6C128,35.8,132.3,44.9,89.9,52.5C28.6,63.7,0,0,0,0 h1000c0,0-9.9,40.9-83.6,48.1S829.6,47,766.1,28.9z\"\/>\n<\/svg>\t\t<\/div>\n\t\t\t\t\t<div class=\"elementor-container elementor-column-gap-default\">\n\t\t\t\t\t<div class=\"elementor-column elementor-col-100 elementor-top-column elementor-element elementor-element-684fb479\" data-id=\"684fb479\" data-element_type=\"column\" data-e-type=\"column\">\n\t\t\t<div class=\"elementor-widget-wrap elementor-element-populated\">\n\t\t\t\t\t\t<div class=\"elementor-element elementor-element-4edc7c39 elementor-widget elementor-widget-heading\" data-id=\"4edc7c39\" data-element_type=\"widget\" data-e-type=\"widget\" data-widget_type=\"heading.default\">\n\t\t\t\t<div class=\"elementor-widget-container\">\n\t\t\t\t\t<h1 class=\"elementor-heading-title elementor-size-xxl\">A\u00f0gengi<\/h1>\t\t\t\t<\/div>\n\t\t\t\t<\/div>\n\t\t\t\t\t<\/div>\n\t\t<\/div>\n\t\t\t\t\t<\/div>\n\t\t<\/section>\n\t\t\t\t<section class=\"elementor-section elementor-top-section elementor-element elementor-element-651c6c9a elementor-section-boxed elementor-section-height-default elementor-section-height-default\" data-id=\"651c6c9a\" data-element_type=\"section\" data-e-type=\"section\">\n\t\t\t\t\t\t<div class=\"elementor-container elementor-column-gap-default\">\n\t\t\t\t\t<div class=\"elementor-column elementor-col-100 elementor-top-column elementor-element elementor-element-39bb1f9\" data-id=\"39bb1f9\" data-element_type=\"column\" data-e-type=\"column\">\n\t\t\t<div class=\"elementor-widget-wrap elementor-element-populated\">\n\t\t\t\t\t\t<div class=\"elementor-element elementor-element-49a5a61 eael-flipbox-content-align-center elementor-widget elementor-widget-eael-flip-box\" data-id=\"49a5a61\" data-element_type=\"widget\" data-e-type=\"widget\" data-widget_type=\"eael-flip-box.default\">\n\t\t\t\t<div class=\"elementor-widget-container\">\n\t\t\t\t\t        <div class=\"eael-elements-flip-box-container eael-animate-flip eael-animate-left eael-content eael-flip-box-hover eael-flipbox-fixed-height eael-flipbox-dynamic\">\n\n            <div class=\"eael-elements-flip-box-flip-card\">\n                <div class=\"eael-elements-flip-box-front-container\">\n                    \n                    \n                        <div class=\"eael-elements-slider-display-table\">\n                            <div class=\"eael-elements-flip-box-vertical-align\">\n                                <div class=\"eael-elements-flip-box-padding\">\n                                    <div class=\"eael-elements-flip-box-icon-image\">\n                                                                                    <i aria-hidden=\"true\" class=\"ea-flipbox-icon fas fa-wheelchair\"><\/i>                                                                                    <\/div>\n                                    <h2 class=\"eael-elements-flip-box-heading\">A\u00f0gengilegt h\u00fasn\u00e6\u00f0i<\/h2>                                    <div class=\"eael-elements-flip-box-content\">\n\t                                    <p>Vi\u00f0 bj\u00f3\u00f0um upp \u00e1 1 l\u00faxus herbergi og 1 herbergi \u00e1 gistih\u00fasinu sem eru a\u00f0gengileg fyrir hj\u00f3last\u00f3la, auk \u00feess er hj\u00f3last\u00f3laa\u00f0gengi \u00e1 einu ba\u00f0herbergi \u00e1 gistih\u00fasinu me\u00f0 sturtust\u00f3l \u00ed bo\u00f0i.<\/p>\n<p>Vi\u00f0 bj\u00f3\u00f0um upp \u00e1 tv\u00e6r \u00edb\u00fa\u00f0ir og l\u00faxusherbergi me\u00f0 n\u00e1l\u00e6g\u00f0u b\u00edlst\u00e6\u00f0i fyrir \u00fe\u00e1 sem eiga erfitt me\u00f0 gang.<\/p>\n<p>Ef \u00fe\u00fa ert blindur og ert me\u00f0 lei\u00f0s\u00f6guhund, vinsamlega haf\u00f0u samband vi\u00f0 okkur \u00e1\u00f0ur en \u00fe\u00fa b\u00f3kar svo vi\u00f0 getum a\u00f0sto\u00f0a\u00f0 \u00feig.<\/p>\n                                    <\/div>\n                                <\/div>\n                            <\/div>\n                        <\/div>\n                                    <\/div>\n\n                <div class=\"eael-elements-flip-box-rear-container\">\n                                                                <div class=\"eael-elements-slider-display-table\">\n                            <div class=\"eael-elements-flip-box-vertical-align\">\n                                <div class=\"eael-elements-flip-box-padding\">\n                                                                            <div class=\"eael-elements-flip-box-icon-image\">\n                                            <i aria-hidden=\"true\" class=\"ea-flipbox-icon icon icon-information\"><\/i>                                                <\/div>\n                                                                                                            <h2 class=\"eael-elements-flip-box-heading\">Musteri\u00f0 Spa<\/h2>\n                                                                        <div class=\"eael-elements-flip-box-content\">\n                                                                            <\/div>\n\n                                                                    <\/div>\n                            <\/div>\n                        <\/div>\n                                    <\/div>\n            <\/div>\n        <\/div>\n        \t\t\t\t<\/div>\n\t\t\t\t<\/div>\n\t\t\t\t<div class=\"elementor-element elementor-element-c3e3eeb eael-flipbox-content-align-center elementor-widget elementor-widget-eael-flip-box\" data-id=\"c3e3eeb\" data-element_type=\"widget\" data-e-type=\"widget\" data-widget_type=\"eael-flip-box.default\">\n\t\t\t\t<div class=\"elementor-widget-container\">\n\t\t\t\t\t        <div class=\"eael-elements-flip-box-container eael-animate-flip eael-animate-left eael-content eael-flip-box-hover eael-flipbox-fixed-height eael-flipbox-dynamic\">\n\n            <div class=\"eael-elements-flip-box-flip-card\">\n                <div class=\"eael-elements-flip-box-front-container\">\n                    \n                    \n                        <div class=\"eael-elements-slider-display-table\">\n                            <div class=\"eael-elements-flip-box-vertical-align\">\n                                <div class=\"eael-elements-flip-box-padding\">\n                                    <div class=\"eael-elements-flip-box-icon-image\">\n                                                                                    <i aria-hidden=\"true\" class=\"ea-flipbox-icon fas fa-allergies\"><\/i>                                                                                    <\/div>\n                                    <h2 class=\"eael-elements-flip-box-heading\">Ofn\u00e6mispr\u00f3fu\u00f0 Herbergi<\/h2>                                    <div class=\"eael-elements-flip-box-content\">\n\t                                    <p>Ofn\u00e6misfr\u00edar s\u00e6ngur og kodda.<\/p>\n<p>\u00dea\u00f0 eru gluggar \u00ed \u00f6llum herbergjum.<\/p>\n<p>Herbergin eru \u00f6ll me\u00f0 vi\u00f0arparketti e\u00f0a fl\u00edsum \u00e1 g\u00f3lfi.<\/p>\n<p>D\u00fdnur \u00e1 herbergjum eru \u00far gerviefnum.<\/p>\n<p>R\u00famf\u00f6t og handkl\u00e6\u00f0i eru \u00fevegin me\u00f0 ilmvatnslausu, umhverfisv\u00e6nu \u00fevottaefni.<\/p>\n                                    <\/div>\n                                <\/div>\n                            <\/div>\n                        <\/div>\n                                    <\/div>\n\n                <div class=\"eael-elements-flip-box-rear-container\">\n                                                                <div class=\"eael-elements-slider-display-table\">\n                            <div class=\"eael-elements-flip-box-vertical-align\">\n                                <div class=\"eael-elements-flip-box-padding\">\n                                                                            <div class=\"eael-elements-flip-box-icon-image\">\n                                            <i aria-hidden=\"true\" class=\"ea-flipbox-icon icon icon-friendship\"><\/i>                                                <\/div>\n                                                                                                            <h2 class=\"eael-elements-flip-box-heading\">Ofn\u00e6mi og matar\u00e6\u00f0i takm\u00f6rkun morgunver\u00f0ur<\/h2>\n                                                                        <div class=\"eael-elements-flip-box-content\">\n                                        <p>H\u00e6gt er a\u00f0 a\u00f0laga morgunver\u00f0arhla\u00f0bor\u00f0i\u00f0 a\u00f0 \u00f6llum, allt fr\u00e1 f\u00e6\u00f0uofn\u00e6mi til gl\u00faten\u00f3\u00feols, vegan og gr\u00e6nmetis\u00e6ta.<\/p><p>Ef \u00fe\u00fa hefur einhverjar spurningar e\u00f0a \u00e1hyggjur, vinsamlegast sendu okkur skilabo\u00f0 e\u00f0a spur\u00f0u starfsf\u00f3lk okkar \u00feegar \u00fe\u00fa m\u00e6tir \u00e1 sv\u00e6\u00f0i\u00f0.<\/p><p>Frystiklefinn er me\u00f0 matse\u00f0il sem er merktur fyrir vegan og vi\u00f0 erum alltaf me\u00f0 gl\u00fateinlausa valkosti \u00ed bo\u00f0i. Vinsamlegast l\u00e1ttu starfsf\u00f3lk okkar vita af \u00f6llum \u00f3\u00feolum e\u00f0a f\u00e6\u00f0uofn\u00e6mi, vi\u00f0 viljum hj\u00e1lpa. Vi\u00f0 gerum okkar besta til a\u00f0 koma til m\u00f3ts vi\u00f0 \u00feig. Vinsamlegast l\u00e1ttu starfsf\u00f3lk okkar vita af \u00f6llum \u00f3\u00feolum e\u00f0a f\u00e6\u00f0uofn\u00e6mi, vi\u00f0 viljum hj\u00e1lpa. Vi\u00f0 gerum okkar besta til a\u00f0 koma til m\u00f3ts vi\u00f0 \u00feig.<\/p>                                    <\/div>\n\n                                                                    <\/div>\n                            <\/div>\n                        <\/div>\n                                    <\/div>\n            <\/div>\n        <\/div>\n        \t\t\t\t<\/div>\n\t\t\t\t<\/div>\n\t\t\t\t<div class=\"elementor-element elementor-element-1799c5e elementor-align-center elementor-widget elementor-widget-button\" data-id=\"1799c5e\" data-element_type=\"widget\" data-e-type=\"widget\" data-widget_type=\"button.default\">\n\t\t\t\t<div class=\"elementor-widget-container\">\n\t\t\t\t\t\t\t\t\t<div class=\"elementor-button-wrapper\">\n\t\t\t\t\t<a class=\"elementor-button elementor-button-link elementor-size-sm\" href=\"https:\/\/blabjorg.is\/is\/hafdu-samband\/\">\n\t\t\t\t\t\t<span class=\"elementor-button-content-wrapper\">\n\t\t\t\t\t\t<span class=\"elementor-button-icon\">\n\t\t\t\t<i aria-hidden=\"true\" class=\"icon icon-contact\"><\/i>\t\t\t<\/span>\n\t\t\t\t\t\t\t\t\t<span class=\"elementor-button-text\">Haf\u00f0u samband!<\/span>\n\t\t\t\t\t<\/span>\n\t\t\t\t\t<\/a>\n\t\t\t\t<\/div>\n\t\t\t\t\t\t\t\t<\/div>\n\t\t\t\t<\/div>\n\t\t\t\t\t<\/div>\n\t\t<\/div>\n\t\t\t\t\t<\/div>\n\t\t<\/section>\n\t\t\t\t<\/div>\n\t\t","protected":false},"excerpt":{"rendered":"<p>A\u00f0gengilegt h\u00fasn\u00e6\u00f0i Vi\u00f0 bj\u00f3\u00f0um upp \u00e1 1 l\u00faxus herbergi og 1 herbergi \u00e1 gistih\u00fasinu sem eru a\u00f0gengileg fyrir hj\u00f3last\u00f3la, auk \u00feess er hj\u00f3last\u00f3laa\u00f0gengi \u00e1 einu ba\u00f0herbergi \u00e1 gistih\u00fasinu me\u00f0 sturtust\u00f3l \u00ed bo\u00f0i. Vi\u00f0 bj\u00f3\u00f0um upp \u00e1 tv\u00e6r \u00edb\u00fa\u00f0ir og l\u00faxusherbergi me\u00f0 n\u00e1l\u00e6g\u00f0u b\u00edlst\u00e6\u00f0i fyrir \u00fe\u00e1 sem eiga erfitt me\u00f0 gang. Ef \u00fe\u00fa ert blindur og [&hellip;]<\/p>\n","protected":false},"author":1,"featured_media":0,"parent":0,"menu_order":0,"comment_status":"closed","ping_status":"closed","template":"","meta":{"footnotes":""},"class_list":["post-4393","page","type-page","status-publish","hentry"],"_links":{"self":[{"href":"https:\/\/blabjorg.is\/is\/wp-json\/wp\/v2\/pages\/4393","targetHints":{"allow":["GET"]}}],"collection":[{"href":"https:\/\/blabjorg.is\/is\/wp-json\/wp\/v2\/pages"}],"about":[{"href":"https:\/\/blabjorg.is\/is\/wp-json\/wp\/v2\/types\/page"}],"author":[{"embeddable":true,"href":"https:\/\/blabjorg.is\/is\/wp-json\/wp\/v2\/users\/1"}],"replies":[{"embeddable":true,"href":"https:\/\/blabjorg.is\/is\/wp-json\/wp\/v2\/comments?post=4393"}],"version-history":[{"count":6,"href":"https:\/\/blabjorg.is\/is\/wp-json\/wp\/v2\/pages\/4393\/revisions"}],"predecessor-version":[{"id":4435,"href":"https:\/\/blabjorg.is\/is\/wp-json\/wp\/v2\/pages\/4393\/revisions\/4435"}],"wp:attachment":[{"href":"https:\/\/blabjorg.is\/is\/wp-json\/wp\/v2\/media?parent=4393"}],"curies":[{"name":"wp","href":"https:\/\/api.w.org\/{rel}","templated":true}]}}